{"id":59,"date":"2014-05-22T01:10:22","date_gmt":"2014-05-21T23:10:22","guid":{"rendered":"http:\/\/kanzlei-strueber.de\/neu\/?page_id=59"},"modified":"2023-07-27T19:54:27","modified_gmt":"2023-07-27T17:54:27","slug":"adresse","status":"publish","type":"page","link":"https:\/\/kanzlei-strueber.de\/","title":{"rendered":""},"content":{"rendered":"<h4><strong>Rechtsanwalt Hubertus Str\u00fcber<\/strong><\/h4>\n<p>Fachanwalt f\u00fcr Arbeitsrecht<br \/>\nIndustriestra\u00dfe 6<br \/>\n83395 Freilassing<\/p>\n<p><em>Ausreichend Parkraum vorhanden<\/em><\/p>\n<p>Telefon: 0 86 54 \/ 77 17 90 0<br \/>\nTelefax: \u00a00 86 54 \/ 77 17 90 2<\/p>\n<p>E-Mail: <a href=\"mailto:info@kanzlei-strueber.de\">info@kanzlei-strueber.de<\/a><\/p>\n<h4>B\u00fcrozeiten<\/h4>\n<p><strong>RA Str\u00fcber:<br \/>\n<\/strong>Montag &#8211; Freitag: 8 &#8211; 12 Uhr<br \/>\nMontag, Dienstag, Donnerstag: 13 &#8211; 17 Uhr<\/p>\n<p>sowie nach telefonischer Vereinbarung<\/p>\n","protected":false},"excerpt":{"rendered":"<p>Rechtsanwalt Hubertus Str\u00fcber Fachanwalt f\u00fcr Arbeitsrecht Industriestra\u00dfe 6 83395 Freilassing Ausreichend Parkraum vorhanden Telefon: 0 86 54 \/ 77 17 90 0 Telefax: \u00a00 86 54 \/ 77 17 90 2 E-Mail: info@kanzlei-strueber.de B\u00fcrozeiten RA Str\u00fcber: Montag &#8211; Freitag: 8 &#8211; 12 Uhr Montag, Dienstag, Donnerstag: 13 &#8211; 17 Uhr sowie nach telefonischer Vereinbarung<\/p>\n","protected":false},"author":1,"featured_media":0,"parent":0,"menu_order":0,"comment_status":"closed","ping_status":"closed","template":"","meta":{"footnotes":""},"class_list":["post-59","page","type-page","status-publish","hentry"],"_links":{"self":[{"href":"https:\/\/kanzlei-strueber.de\/index.php?rest_route=\/wp\/v2\/pages\/59","targetHints":{"allow":["GET"]}}],"collection":[{"href":"https:\/\/kanzlei-strueber.de\/index.php?rest_route=\/wp\/v2\/pages"}],"about":[{"href":"https:\/\/kanzlei-strueber.de\/index.php?rest_route=\/wp\/v2\/types\/page"}],"author":[{"embeddable":true,"href":"https:\/\/kanzlei-strueber.de\/index.php?rest_route=\/wp\/v2\/users\/1"}],"replies":[{"embeddable":true,"href":"https:\/\/kanzlei-strueber.de\/index.php?rest_route=%2Fwp%2Fv2%2Fcomments&post=59"}],"version-history":[{"count":5,"href":"https:\/\/kanzlei-strueber.de\/index.php?rest_route=\/wp\/v2\/pages\/59\/revisions"}],"predecessor-version":[{"id":123,"href":"https:\/\/kanzlei-strueber.de\/index.php?rest_route=\/wp\/v2\/pages\/59\/revisions\/123"}],"wp:attachment":[{"href":"https:\/\/kanzlei-strueber.de\/index.php?rest_route=%2Fwp%2Fv2%2Fmedia&parent=59"}],"curies":[{"name":"wp","href":"https:\/\/api.w.org\/{rel}","templated":true}]}}