{"id":50,"date":"2014-05-22T00:45:15","date_gmt":"2014-05-21T22:45:15","guid":{"rendered":"http:\/\/kanzlei-strueber.de\/neu\/?page_id=50"},"modified":"2023-07-27T19:55:58","modified_gmt":"2023-07-27T17:55:58","slug":"kanzlei","status":"publish","type":"page","link":"https:\/\/kanzlei-strueber.de\/?page_id=50","title":{"rendered":"Leistungsspektrum"},"content":{"rendered":"<p>Die Anwaltskanzlei Str\u00fcber kann Sie in allen zivil- und wirtschaftsrechtlichen Angelegenheiten beraten und vertreten. Ebenso kann anwaltliche Hilfe im Bereich des Strafrechts (insbesondere Verkehrsstrafrecht, K\u00f6rperverletzung, Ehrverletzung, Verm\u00f6gensdelikte) und im \u00f6ffentlichen Recht (Verwaltungsrecht) in Anspruch genommen werden.<\/p>\n<p>Besondere T\u00e4tigkeitsschwerpunkte bestehen in folgenden Rechtsgebieten:<\/p>\n<ul>\n<li><strong>Arbeitsrecht<\/strong> (Arbeitsvertragspraxis, K\u00fcndigungen, Abmahnungen, Zeugnisse, Vertragsgestaltung, Vertragsauslegung, u.v.m.)<\/li>\n<li><strong>Kaufrecht<\/strong><\/li>\n<li><strong>Mietrecht<\/strong> (einschlie\u00dflich Wohnraummietrecht, Gesch\u00e4ftsraummietrecht, Pachtrecht)<\/li>\n<li><strong>Verkehrsrecht<\/strong>, insbesondere Verkehrsunfallrecht und Abwicklung von Verkehrsunf\u00e4llen<\/li>\n<li><strong>Verkehrsstrafrecht<\/strong>, Recht der Verkehrsordnungswidrigkeiten (Bu\u00dfgeldrecht)<\/li>\n<li><strong>Erbrecht<\/strong> (z.B. Testamentserrichtung, vorweggenommene Erbfolge)<\/li>\n<li>Allgemeines <strong>Vertragsrecht<\/strong><\/li>\n<li>Allgemeines <strong>Zivilrecht<\/strong> (BGB, Schuldrecht, Vereinsrecht etc.)<\/li>\n<li><strong>Schadensersatzrecht, Haftpflichtrecht<\/strong> etc.<\/li>\n<li><strong>Sozialversicherungsrecht<\/strong> (Krankenversicherungsrecht, Rentenversicherungsrecht, Recht der Arbeitslosenversicherung, Unfallversicherungsrecht etc.)<\/li>\n<\/ul>\n<p>Herr Rechtsanwalt Str\u00fcber kann Sie vor s\u00e4mtlichen Amts-, Land- und Oberlandesgerichten anwaltlich vertreten.<\/p>\n<p>Vertretungsberechtigung besteht au\u00dferdem vor s\u00e4mtlichen Arbeits- und Sozialgerichten in allen drei Instanzen, Finanz- und Verwaltungsgerichten 1. und 2. Instanz.<\/p>\n","protected":false},"excerpt":{"rendered":"<p>Die Anwaltskanzlei Str\u00fcber kann Sie in allen zivil- und wirtschaftsrechtlichen Angelegenheiten beraten und vertreten. Ebenso kann anwaltliche Hilfe im Bereich des Strafrechts (insbesondere Verkehrsstrafrecht, K\u00f6rperverletzung, Ehrverletzung, Verm\u00f6gensdelikte) und im \u00f6ffentlichen Recht (Verwaltungsrecht) in Anspruch genommen werden. Besondere T\u00e4tigkeitsschwerpunkte bestehen in folgenden Rechtsgebieten: Arbeitsrecht (Arbeitsvertragspraxis, K\u00fcndigungen, Abmahnungen, Zeugnisse, Vertragsgestaltung, Vertragsauslegung, u.v.m.) Kaufrecht Mietrecht (einschlie\u00dflich Wohnraummietrecht, Gesch\u00e4ftsraummietrecht, &hellip; <a href=\"https:\/\/kanzlei-strueber.de\/?page_id=50\" class=\"more-link\"><span class=\"screen-reader-text\">Leistungsspektrum<\/span> weiterlesen <span class=\"meta-nav\">&rarr;<\/span><\/a><\/p>\n","protected":false},"author":1,"featured_media":0,"parent":0,"menu_order":0,"comment_status":"closed","ping_status":"open","template":"","meta":{"footnotes":""},"class_list":["post-50","page","type-page","status-publish","hentry"],"_links":{"self":[{"href":"https:\/\/kanzlei-strueber.de\/index.php?rest_route=\/wp\/v2\/pages\/50","targetHints":{"allow":["GET"]}}],"collection":[{"href":"https:\/\/kanzlei-strueber.de\/index.php?rest_route=\/wp\/v2\/pages"}],"about":[{"href":"https:\/\/kanzlei-strueber.de\/index.php?rest_route=\/wp\/v2\/types\/page"}],"author":[{"embeddable":true,"href":"https:\/\/kanzlei-strueber.de\/index.php?rest_route=\/wp\/v2\/users\/1"}],"replies":[{"embeddable":true,"href":"https:\/\/kanzlei-strueber.de\/index.php?rest_route=%2Fwp%2Fv2%2Fcomments&post=50"}],"version-history":[{"count":7,"href":"https:\/\/kanzlei-strueber.de\/index.php?rest_route=\/wp\/v2\/pages\/50\/revisions"}],"predecessor-version":[{"id":124,"href":"https:\/\/kanzlei-strueber.de\/index.php?rest_route=\/wp\/v2\/pages\/50\/revisions\/124"}],"wp:attachment":[{"href":"https:\/\/kanzlei-strueber.de\/index.php?rest_route=%2Fwp%2Fv2%2Fmedia&parent=50"}],"curies":[{"name":"wp","href":"https:\/\/api.w.org\/{rel}","templated":true}]}}