{"id":2,"date":"2014-05-21T19:29:36","date_gmt":"2014-05-21T19:29:36","guid":{"rendered":"http:\/\/kanzlei-strueber.de\/neu\/?page_id=2"},"modified":"2014-05-22T01:48:12","modified_gmt":"2014-05-21T23:48:12","slug":"sample-page","status":"publish","type":"page","link":"https:\/\/kanzlei-strueber.de\/?page_id=2","title":{"rendered":"Impressum"},"content":{"rendered":"<p>Rechtsanwalt<br \/>\nHubertus Str\u00fcber<br \/>\nFachanwalt f\u00fcr Arbeitsrecht<\/p>\n<p>Industriestra\u00dfe 6<br \/>\n83395 Freilassing<\/p>\n<p>Tel: 0049 (0) 8654\/7717900<br \/>\nFax: 0049 (0) 8654\/7717902<\/p>\n<p>e-mail: info@kanzlei-strueber.de<br \/>\nInternet: http:\/\/www.kanzlei-strueber.de<\/p>\n<p><em>Umsatzsteuer-Identifikationsnummer gem\u00e4\u00df \u00a7 27 a Umsatzsteuergesetz:<\/em><br \/>\nDE283089202<\/p>\n<p><em>Zust\u00e4ndige Aufsichtsbeh\u00f6rde:<\/em><br \/>\nRechtsanwaltskammer M\u00fcnchen, Tal 33, 80331 M\u00fcnchen<\/p>\n<p><em>Berufsrechtliche Regelung:<\/em><br \/>\nBundesrechtsanwaltsordnung (BRAO)<br \/>\nBerufsordnung f\u00fcr Rechtsanw\u00e4lte (BORA)<br \/>\nFachanwaltsordnung (FAO)<br \/>\nRechtsanwaltsverg\u00fctungsgesetz (RVG)<\/p>\n<p>Die berufsrechtlichen Regelungen k\u00f6nnen bei der Bundesrechtsanwaltskammer (http:\/\/www.brak.de) nachgeschlagen werden.<\/p>\n<p><em>Berufshaftpflicht:<\/em><br \/>\nHDI-Gerling, Firmen- und Privatversicherung AG<br \/>\nPostfach 250309, 90128 N\u00fcrnberg (Versicherungsscheinnummer: NxF 70-008803954\/6015)<\/p>\n<p><em>Inhaltlich Verantwortlicher gem\u00e4\u00df \u00a7 55 Absatz 2 RSTV:<\/em><br \/>\nHubertus Str\u00fcber (Anschrift wie oben)<\/p>\n<p><em>Haftungshinweis:<\/em><br \/>\nTrotz sorgf\u00e4ltiger inhaltlicher Kontrolle kann f\u00fcr die Inhalte externer Links keine Haftung \u00fcbernommen werden. F\u00fcr den Inhalt verlinkter Seiten sind ausschlie\u00dflich deren Betreiber verantwortlich.<\/p>\n","protected":false},"excerpt":{"rendered":"<p>Rechtsanwalt Hubertus Str\u00fcber Fachanwalt f\u00fcr Arbeitsrecht Industriestra\u00dfe 6 83395 Freilassing Tel: 0049 (0) 8654\/7717900 Fax: 0049 (0) 8654\/7717902 e-mail: info@kanzlei-strueber.de Internet: http:\/\/www.kanzlei-strueber.de Umsatzsteuer-Identifikationsnummer gem\u00e4\u00df \u00a7 27 a Umsatzsteuergesetz: DE283089202 Zust\u00e4ndige Aufsichtsbeh\u00f6rde: Rechtsanwaltskammer M\u00fcnchen, Tal 33, 80331 M\u00fcnchen Berufsrechtliche Regelung: Bundesrechtsanwaltsordnung (BRAO) Berufsordnung f\u00fcr Rechtsanw\u00e4lte (BORA) Fachanwaltsordnung (FAO) Rechtsanwaltsverg\u00fctungsgesetz (RVG) Die berufsrechtlichen Regelungen k\u00f6nnen bei der &hellip; <a href=\"https:\/\/kanzlei-strueber.de\/?page_id=2\" class=\"more-link\"><span class=\"screen-reader-text\">Impressum<\/span> weiterlesen <span class=\"meta-nav\">&rarr;<\/span><\/a><\/p>\n","protected":false},"author":1,"featured_media":0,"parent":0,"menu_order":0,"comment_status":"closed","ping_status":"open","template":"","meta":{"footnotes":""},"class_list":["post-2","page","type-page","status-publish","hentry"],"_links":{"self":[{"href":"https:\/\/kanzlei-strueber.de\/index.php?rest_route=\/wp\/v2\/pages\/2","targetHints":{"allow":["GET"]}}],"collection":[{"href":"https:\/\/kanzlei-strueber.de\/index.php?rest_route=\/wp\/v2\/pages"}],"about":[{"href":"https:\/\/kanzlei-strueber.de\/index.php?rest_route=\/wp\/v2\/types\/page"}],"author":[{"embeddable":true,"href":"https:\/\/kanzlei-strueber.de\/index.php?rest_route=\/wp\/v2\/users\/1"}],"replies":[{"embeddable":true,"href":"https:\/\/kanzlei-strueber.de\/index.php?rest_route=%2Fwp%2Fv2%2Fcomments&post=2"}],"version-history":[{"count":4,"href":"https:\/\/kanzlei-strueber.de\/index.php?rest_route=\/wp\/v2\/pages\/2\/revisions"}],"predecessor-version":[{"id":76,"href":"https:\/\/kanzlei-strueber.de\/index.php?rest_route=\/wp\/v2\/pages\/2\/revisions\/76"}],"wp:attachment":[{"href":"https:\/\/kanzlei-strueber.de\/index.php?rest_route=%2Fwp%2Fv2%2Fmedia&parent=2"}],"curies":[{"name":"wp","href":"https:\/\/api.w.org\/{rel}","templated":true}]}}